{"id":2639,"date":"2024-02-17T17:52:05","date_gmt":"2024-02-17T16:52:05","guid":{"rendered":"https:\/\/www.quantonsolutions.com\/kariera\/"},"modified":"2024-11-28T16:15:12","modified_gmt":"2024-11-28T15:15:12","slug":"kariera","status":"publish","type":"page","link":"https:\/\/www.quantonsolutions.com\/cs\/kariera\/","title":{"rendered":"Kari\u00e9ra"},"content":{"rendered":"<div id='av-layout-grid-1'  class='av-layout-grid-container av-lh22znsy-6a37400ad17c2622ef7ddadf645cb4c2 entry-content-wrapper main_color av-flex-cells  avia-builder-el-0  el_before_av_section  avia-builder-el-first  kariera-grid av-grid-order-reverse av-cell-min-height av-cell-min-height-50  container_wrap fullsize'   data-av_minimum_height_pc='50'>\n<br \/>\n\n<style type=\"text\/css\" data-created_by=\"avia_inline_auto\" id=\"style-css-av-lh218pgz-94120cc01b3383397175da23cf3deea4\">\n.flex_cell.av-lh218pgz-94120cc01b3383397175da23cf3deea4{\nvertical-align:top;\nbackground-color:#73bdc2;\n}\n<\/style>\n<div class='flex_cell av-lh218pgz-94120cc01b3383397175da23cf3deea4 av-gridrow-cell av_two_fifth no_margin  avia-builder-el-1  el_before_av_cell_three_fifth  avia-builder-el-first  kariera-left'  ><div class='flex_cell_inner'><div  class='flex_column av-28c3vs-c20ef8022a8c8f37e45e699aab49f811 av_one_full  avia-builder-el-2  avia-builder-el-no-sibling  first flex_column_div  '     ><style type=\"text\/css\" data-created_by=\"avia_inline_auto\" id=\"style-css-av-lh22nhmd-11904c1b44d81d12da4bab66eba63151\">\n#top .av-special-heading.av-lh22nhmd-11904c1b44d81d12da4bab66eba63151{\npadding-bottom:10px;\n}\nbody .av-special-heading.av-lh22nhmd-11904c1b44d81d12da4bab66eba63151 .av-special-heading-tag .heading-char{\nfont-size:25px;\n}\n.av-special-heading.av-lh22nhmd-11904c1b44d81d12da4bab66eba63151 .av-subheading{\nfont-size:15px;\n}\n<\/style>\n<div  class='av-special-heading av-lh22nhmd-11904c1b44d81d12da4bab66eba63151 av-special-heading-h1 blockquote modern-quote  avia-builder-el-3  avia-builder-el-no-sibling '><h1 class='av-special-heading-tag '  itemprop=\"headline\"  >Kari\u00e9ra<\/h1><div class=\"special-heading-border\"><div class=\"special-heading-inner-border\"><\/div><\/div><\/div><\/div>\n<\/div><\/div>\n<style type=\"text\/css\" data-created_by=\"avia_inline_auto\" id=\"style-css-av-lh21f7la-d4039ce5c2fe4a0a1483cba33cf8b145\">\n.flex_cell.av-lh21f7la-d4039ce5c2fe4a0a1483cba33cf8b145{\nvertical-align:top;\nbackground:url(https:\/\/www.quantonsolutions.com\/wp-content\/uploads\/2023\/05\/kariera-main.png) 50% 50% no-repeat scroll ;\n}\n.responsive #top #wrap_all .flex_cell.av-lh21f7la-d4039ce5c2fe4a0a1483cba33cf8b145{\npadding:0px 0px 0px 0px !important;\n}\n<\/style>\n<div class='flex_cell av-lh21f7la-d4039ce5c2fe4a0a1483cba33cf8b145 av-gridrow-cell av_three_fifth no_margin  avia-builder-el-4  el_after_av_cell_two_fifth  avia-builder-el-last  kariera-right av-zero-padding avia-full-stretch'  ><div class='flex_cell_inner'><\/div><\/div>\n<\/div>\n<div id='av_section_1'  class='avia-section av-lh9gtyyn-70aca6c209bc81a2427775e3646fa7ee main_color avia-section-default avia-no-border-styling  avia-builder-el-5  el_after_av_layout_row  avia-builder-el-last  kariera-block avia-bg-style-scroll container_wrap fullsize'  ><div class='container av-section-cont-open' ><div class='template-page content  av-content-full alpha units'><div class='post-entry post-entry-type-page post-entry-2639'><div class='entry-content-wrapper clearfix'>\n<div  class='flex_column av-8qeyg-3561e1b9b4a95c544a643112b853a1b5 av_one_full  avia-builder-el-6  avia-builder-el-no-sibling  first flex_column_div  '     ><\/div>\n","protected":false},"excerpt":{"rendered":"","protected":false},"author":2,"featured_media":0,"parent":0,"menu_order":7,"comment_status":"closed","ping_status":"closed","template":"","meta":{"inline_featured_image":false,"footnotes":""},"class_list":["post-2639","page","type-page","status-publish","hentry"],"acf":[],"yoast_head":"<!-- This site is optimized with the Yoast SEO plugin v20.6 - https:\/\/yoast.com\/wordpress\/plugins\/seo\/ -->\n<title>Kari\u00e9ra | QuantOn Solutions<\/title>\n<meta name=\"robots\" content=\"index, follow, max-snippet:-1, max-image-preview:large, max-video-preview:-1\" \/>\n<link rel=\"canonical\" href=\"https:\/\/www.quantonsolutions.com\/cs\/kariera\/\" \/>\n<meta property=\"og:locale\" content=\"cs_CZ\" \/>\n<meta property=\"og:type\" content=\"article\" \/>\n<meta property=\"og:title\" content=\"Kari\u00e9ra | QuantOn Solutions\" \/>\n<meta property=\"og:url\" content=\"https:\/\/www.quantonsolutions.com\/cs\/kariera\/\" \/>\n<meta property=\"og:site_name\" content=\"Quanton\" \/>\n<meta property=\"article:modified_time\" content=\"2024-11-28T15:15:12+00:00\" \/>\n<meta name=\"twitter:card\" content=\"summary_large_image\" \/>\n<meta name=\"twitter:label1\" content=\"Odhadovan\u00e1 doba \u010dten\u00ed\" \/>\n\t<meta name=\"twitter:data1\" content=\"3 minuty\" \/>\n<script type=\"application\/ld+json\" class=\"yoast-schema-graph\">{\"@context\":\"https:\/\/schema.org\",\"@graph\":[{\"@type\":\"WebPage\",\"@id\":\"https:\/\/www.quantonsolutions.com\/cs\/kariera\/\",\"url\":\"https:\/\/www.quantonsolutions.com\/cs\/kariera\/\",\"name\":\"Kari\u00e9ra | QuantOn Solutions\",\"isPartOf\":{\"@id\":\"https:\/\/www.quantonsolutions.com\/cs\/#website\"},\"datePublished\":\"2024-02-17T16:52:05+00:00\",\"dateModified\":\"2024-11-28T15:15:12+00:00\",\"breadcrumb\":{\"@id\":\"https:\/\/www.quantonsolutions.com\/cs\/kariera\/#breadcrumb\"},\"inLanguage\":\"cs\",\"potentialAction\":[{\"@type\":\"ReadAction\",\"target\":[\"https:\/\/www.quantonsolutions.com\/cs\/kariera\/\"]}]},{\"@type\":\"BreadcrumbList\",\"@id\":\"https:\/\/www.quantonsolutions.com\/cs\/kariera\/#breadcrumb\",\"itemListElement\":[{\"@type\":\"ListItem\",\"position\":1,\"name\":\"Home\",\"item\":\"https:\/\/www.quantonsolutions.com\/cs\/quanton\/\"},{\"@type\":\"ListItem\",\"position\":2,\"name\":\"Kari\u00e9ra\"}]},{\"@type\":\"WebSite\",\"@id\":\"https:\/\/www.quantonsolutions.com\/cs\/#website\",\"url\":\"https:\/\/www.quantonsolutions.com\/cs\/\",\"name\":\"Quanton\",\"description\":\"\",\"potentialAction\":[{\"@type\":\"SearchAction\",\"target\":{\"@type\":\"EntryPoint\",\"urlTemplate\":\"https:\/\/www.quantonsolutions.com\/cs\/?s={search_term_string}\"},\"query-input\":\"required name=search_term_string\"}],\"inLanguage\":\"cs\"}]}<\/script>\n<!-- \/ Yoast SEO plugin. -->","yoast_head_json":{"title":"Kari\u00e9ra | QuantOn Solutions","robots":{"index":"index","follow":"follow","max-snippet":"max-snippet:-1","max-image-preview":"max-image-preview:large","max-video-preview":"max-video-preview:-1"},"canonical":"https:\/\/www.quantonsolutions.com\/cs\/kariera\/","og_locale":"cs_CZ","og_type":"article","og_title":"Kari\u00e9ra | QuantOn Solutions","og_url":"https:\/\/www.quantonsolutions.com\/cs\/kariera\/","og_site_name":"Quanton","article_modified_time":"2024-11-28T15:15:12+00:00","twitter_card":"summary_large_image","twitter_misc":{"Odhadovan\u00e1 doba \u010dten\u00ed":"3 minuty"},"schema":{"@context":"https:\/\/schema.org","@graph":[{"@type":"WebPage","@id":"https:\/\/www.quantonsolutions.com\/cs\/kariera\/","url":"https:\/\/www.quantonsolutions.com\/cs\/kariera\/","name":"Kari\u00e9ra | QuantOn Solutions","isPartOf":{"@id":"https:\/\/www.quantonsolutions.com\/cs\/#website"},"datePublished":"2024-02-17T16:52:05+00:00","dateModified":"2024-11-28T15:15:12+00:00","breadcrumb":{"@id":"https:\/\/www.quantonsolutions.com\/cs\/kariera\/#breadcrumb"},"inLanguage":"cs","potentialAction":[{"@type":"ReadAction","target":["https:\/\/www.quantonsolutions.com\/cs\/kariera\/"]}]},{"@type":"BreadcrumbList","@id":"https:\/\/www.quantonsolutions.com\/cs\/kariera\/#breadcrumb","itemListElement":[{"@type":"ListItem","position":1,"name":"Home","item":"https:\/\/www.quantonsolutions.com\/cs\/quanton\/"},{"@type":"ListItem","position":2,"name":"Kari\u00e9ra"}]},{"@type":"WebSite","@id":"https:\/\/www.quantonsolutions.com\/cs\/#website","url":"https:\/\/www.quantonsolutions.com\/cs\/","name":"Quanton","description":"","potentialAction":[{"@type":"SearchAction","target":{"@type":"EntryPoint","urlTemplate":"https:\/\/www.quantonsolutions.com\/cs\/?s={search_term_string}"},"query-input":"required name=search_term_string"}],"inLanguage":"cs"}]}},"_links":{"self":[{"href":"https:\/\/www.quantonsolutions.com\/cs\/wp-json\/wp\/v2\/pages\/2639"}],"collection":[{"href":"https:\/\/www.quantonsolutions.com\/cs\/wp-json\/wp\/v2\/pages"}],"about":[{"href":"https:\/\/www.quantonsolutions.com\/cs\/wp-json\/wp\/v2\/types\/page"}],"author":[{"embeddable":true,"href":"https:\/\/www.quantonsolutions.com\/cs\/wp-json\/wp\/v2\/users\/2"}],"replies":[{"embeddable":true,"href":"https:\/\/www.quantonsolutions.com\/cs\/wp-json\/wp\/v2\/comments?post=2639"}],"version-history":[{"count":7,"href":"https:\/\/www.quantonsolutions.com\/cs\/wp-json\/wp\/v2\/pages\/2639\/revisions"}],"predecessor-version":[{"id":3501,"href":"https:\/\/www.quantonsolutions.com\/cs\/wp-json\/wp\/v2\/pages\/2639\/revisions\/3501"}],"wp:attachment":[{"href":"https:\/\/www.quantonsolutions.com\/cs\/wp-json\/wp\/v2\/media?parent=2639"}],"curies":[{"name":"wp","href":"https:\/\/api.w.org\/{rel}","templated":true}]}}