{"id":2634,"date":"2024-02-17T17:51:29","date_gmt":"2024-02-17T16:51:29","guid":{"rendered":"https:\/\/www.quantonsolutions.com\/riesenia\/investicny-ucet\/"},"modified":"2024-03-01T13:24:56","modified_gmt":"2024-03-01T12:24:56","slug":"investicni-ucet","status":"publish","type":"page","link":"https:\/\/www.quantonsolutions.com\/cs\/reseni\/investicni-ucet\/","title":{"rendered":"Investi\u010dn\u00ed \u00fa\u010det"},"content":{"rendered":"<\/p>\n<div id='av-layout-grid-1'  class='av-layout-grid-container av-lh22znsy-32e1aff38a95a7cb55d69737e9d70b31 entry-content-wrapper main_color av-flex-cells  avia-builder-el-0  el_before_av_layout_row  avia-builder-el-first  ucet-grid av-grid-order-reverse av-cell-min-height av-cell-min-height-50  container_wrap fullsize'   data-av_minimum_height_pc='50'>\n\n<style type=\"text\/css\" data-created_by=\"avia_inline_auto\" id=\"style-css-av-lh218pgz-b94ed9db647ddc542e88f61531cdf7f7\">\n.flex_cell.av-lh218pgz-b94ed9db647ddc542e88f61531cdf7f7{\nvertical-align:top;\nbackground-color:#73bdc2;\n}\n<\/style>\n<div class='flex_cell av-lh218pgz-b94ed9db647ddc542e88f61531cdf7f7 av-gridrow-cell av_two_fifth no_margin  avia-builder-el-1  el_before_av_cell_three_fifth  avia-builder-el-first  ucet-left'  ><div class='flex_cell_inner'><div  class='flex_column av-28c3vs-c20ef8022a8c8f37e45e699aab49f811 av_one_full  avia-builder-el-2  avia-builder-el-no-sibling  first flex_column_div  '     ><style type=\"text\/css\" data-created_by=\"avia_inline_auto\" id=\"style-css-av-lh22nhmd-7f4b6114852da6a1fd1edcac4fc174ae\">\n#top .av-special-heading.av-lh22nhmd-7f4b6114852da6a1fd1edcac4fc174ae{\npadding-bottom:10px;\n}\nbody .av-special-heading.av-lh22nhmd-7f4b6114852da6a1fd1edcac4fc174ae .av-special-heading-tag .heading-char{\nfont-size:25px;\n}\n.av-special-heading.av-lh22nhmd-7f4b6114852da6a1fd1edcac4fc174ae .av-subheading{\nfont-size:15px;\n}\n<\/style>\n<div  class='av-special-heading av-lh22nhmd-7f4b6114852da6a1fd1edcac4fc174ae av-special-heading-h1 blockquote modern-quote  avia-builder-el-3  avia-builder-el-no-sibling '><div class='av-subheading av-subheading_above'><p>\u0158E\u0160EN\u00cd<\/p>\n<\/div><h1 class='av-special-heading-tag '  itemprop=\"headline\"  >Investi\u010dn\u00ed \u00fa\u010det<\/h1><div class=\"special-heading-border\"><div class=\"special-heading-inner-border\"><\/div><\/div><\/div><\/div>\n<\/div><\/div>\n<style type=\"text\/css\" data-created_by=\"avia_inline_auto\" id=\"style-css-av-lh21f7la-749051ab1a8098e5c088074a0731555d\">\n.flex_cell.av-lh21f7la-749051ab1a8098e5c088074a0731555d{\nvertical-align:top;\nbackground:url(https:\/\/www.quantonsolutions.com\/wp-content\/uploads\/2023\/05\/ucet-main-1250x579.jpg) 50% 50% no-repeat scroll ;\n}\n.responsive #top #wrap_all .flex_cell.av-lh21f7la-749051ab1a8098e5c088074a0731555d{\npadding:0px 0px 0px 0px !important;\n}\n<\/style>\n<div class='flex_cell av-lh21f7la-749051ab1a8098e5c088074a0731555d av-gridrow-cell av_three_fifth no_margin  avia-builder-el-4  el_after_av_cell_two_fifth  avia-builder-el-last  ucet-right av-zero-padding avia-full-stretch'  ><div class='flex_cell_inner'><\/div><\/div><\/div><div id='av-layout-grid-2'  class='av-layout-grid-container av-lh246nxq-81d31b0bbe87548a87c2321c9f17f1fa entry-content-wrapper main_color av-flex-cells  avia-builder-el-5  el_after_av_layout_row  el_before_av_section  rozdielnost-grid av-grid-order-reverse grid-row-not-first  container_wrap fullsize'  >\n\n<style type=\"text\/css\" data-created_by=\"avia_inline_auto\" id=\"style-css-av-lh243g1g-c409a4f90a69812428875959267aa97c\">\n.flex_cell.av-lh243g1g-c409a4f90a69812428875959267aa97c{\nvertical-align:bottom;\n}\n<\/style>\n<div class='flex_cell av-lh243g1g-c409a4f90a69812428875959267aa97c av-gridrow-cell av_one_third no_margin  avia-builder-el-6  el_before_av_cell_two_third  avia-builder-el-first  rozdielnost-left animatedFlexCell-1'  ><div class='flex_cell_inner'><div  class='flex_column av-23x3cg-199f00c41f18dbfa15ad3feb855255ad av_one_full  avia-builder-el-7  avia-builder-el-no-sibling  first flex_column_div  '     ><style type=\"text\/css\" data-created_by=\"avia_inline_auto\" id=\"style-css-av-lh240u71-e9fcab362e700cfaafefd712cd66af3d\">\n.avia-image-container.av-lh240u71-e9fcab362e700cfaafefd712cd66af3d img.avia_image{\nbox-shadow:none;\n}\n.avia-image-container.av-lh240u71-e9fcab362e700cfaafefd712cd66af3d .av-image-caption-overlay-center{\ncolor:#ffffff;\n}\n<\/style>\n<div  class='avia-image-container av-lh240u71-e9fcab362e700cfaafefd712cd66af3d av-styling-no-styling avia-align-center  avia-builder-el-8  avia-builder-el-no-sibling '   itemprop=\"image\" itemscope=\"itemscope\" itemtype=\"https:\/\/schema.org\/ImageObject\" ><div class=\"avia-image-container-inner\"><div class=\"avia-image-overlay-wrap\"><img decoding=\"async\" fetchpriority=\"high\" class='avia-img-lazy-loading-not- avia_image ' src=\"https:\/\/quantonsolutions.com\/wp-content\/uploads\/2023\/05\/ucet-rozdielnost-1250x1053.jpg\" alt='' title=''   itemprop=\"thumbnailUrl\"  \/><\/div><\/div><\/div><\/div>\n<\/div><\/div>\n<style type=\"text\/css\" data-created_by=\"avia_inline_auto\" id=\"style-css-av-lh243nbm-bf40e7f40c0fae653b57e497fcc7c86e\">\n.flex_cell.av-lh243nbm-bf40e7f40c0fae653b57e497fcc7c86e{\nvertical-align:top;\n}\n<\/style>\n<div class='flex_cell av-lh243nbm-bf40e7f40c0fae653b57e497fcc7c86e av-gridrow-cell av_two_third no_margin  avia-builder-el-9  el_after_av_cell_one_third  avia-builder-el-last  rozdielnost-right animatedFlexCell-2'  ><div class='flex_cell_inner'><div  class='flex_column av-pico-e0d7a7f92da20e4f531339f0b019d424 av_one_full  avia-builder-el-10  avia-builder-el-no-sibling  first flex_column_div  '     ><p>\n<style type=\"text\/css\" data-created_by=\"avia_inline_auto\" id=\"style-css-av-lh241z9f-a320519c05e94310c8a7d89ffb36a7e2\">\n#top .av-special-heading.av-lh241z9f-a320519c05e94310c8a7d89ffb36a7e2{\npadding-bottom:10px;\n}\nbody .av-special-heading.av-lh241z9f-a320519c05e94310c8a7d89ffb36a7e2 .av-special-heading-tag .heading-char{\nfont-size:25px;\n}\n.av-special-heading.av-lh241z9f-a320519c05e94310c8a7d89ffb36a7e2 .av-subheading{\nfont-size:15px;\n}\n<\/style>\n<div  class='av-special-heading av-lh241z9f-a320519c05e94310c8a7d89ffb36a7e2 av-special-heading-h2 blockquote modern-quote  avia-builder-el-11  el_before_av_textblock  avia-builder-el-first '><h2 class='av-special-heading-tag '  itemprop=\"headline\"  >Rozd\u00edlnost<\/h2><div class=\"special-heading-border\"><div class=\"special-heading-inner-border\"><\/div><\/div><\/div><br \/>\n<section  class='av_textblock_section av-lh242mfi-d9699bf13f5f2af74cfb67778f2279a1 '   itemscope=\"itemscope\" itemtype=\"https:\/\/schema.org\/CreativeWork\" ><div class='avia_textblock'  itemprop=\"text\" ><p>QuantOn je investi\u010dn\u00ed spole\u010dnost trp\u011bliv\u011b budovan\u00e1 na z\u00e1klad\u011b vlastn\u00edho know-how. Na\u0161\u00ed specializac\u00ed jsou vysoce likvidn\u00ed burzovn\u011b obchodovan\u00e1 aktiva.<\/p>\n<p>V\u011b\u0159\u00edme, \u017ee know-how v podob\u011b spr\u00e1vy investic, transparentnost z hlediska podkladov\u00fdch aktiv, f\u00e9rov\u00e9 podm\u00ednky a otev\u0159en\u00e1 komunikace jsou z\u00e1kladn\u00edmi kameny pro udr\u017een\u00ed dlouhodob\u011b \u00fasp\u011b\u0161n\u00e9ho partnerstv\u00ed.<\/p>\n<\/div><\/section><\/p><\/div>\n<\/div><\/div><\/div><div id='av_section_1'  class='avia-section av-lh6fps73-8f2d8e6c315145c560c0c39f76704a64 main_color avia-section-default avia-no-border-styling  avia-builder-el-13  el_after_av_layout_row  avia-builder-el-last  ucet-zoznam avia-bg-style-scroll container_wrap fullsize'  ><div class='container av-section-cont-open' ><div class='template-page content  av-content-full alpha units'><div class='post-entry post-entry-type-page post-entry-2634'><div class='entry-content-wrapper clearfix'>\n<div class='flex_column_table av-lh6jf0mh-56c3a111d0b8f7d840f5cc114a367916 sc-av_one_half av-equal-height-column-flextable'>\n<style type=\"text\/css\" data-created_by=\"avia_inline_auto\" id=\"style-css-av-lh6jf0mh-56c3a111d0b8f7d840f5cc114a367916\">\n.flex_column.av-lh6jf0mh-56c3a111d0b8f7d840f5cc114a367916{\nwidth:45%;\nmargin-left:0;\n}\n#top .flex_column_table.av-equal-height-column-flextable.av-lh6jf0mh-56c3a111d0b8f7d840f5cc114a367916 .av-flex-placeholder{\nwidth:10%;\n}\n<\/style>\n<div  class='flex_column av-lh6jf0mh-56c3a111d0b8f7d840f5cc114a367916 av_one_half  avia-builder-el-14  el_before_av_one_half  avia-builder-el-first  first flex_column_table_cell av-equal-height-column av-align-top  '     ><p>\n<style type=\"text\/css\" data-created_by=\"avia_inline_auto\" id=\"style-css-av-lh6fgt5b-94976b207fcafbb6b5d740ab803f8f9e\">\n#top .av-special-heading.av-lh6fgt5b-94976b207fcafbb6b5d740ab803f8f9e{\npadding-bottom:10px;\n}\nbody .av-special-heading.av-lh6fgt5b-94976b207fcafbb6b5d740ab803f8f9e .av-special-heading-tag .heading-char{\nfont-size:25px;\n}\n.av-special-heading.av-lh6fgt5b-94976b207fcafbb6b5d740ab803f8f9e .av-subheading{\nfont-size:15px;\n}\n<\/style>\n<div  class='av-special-heading av-lh6fgt5b-94976b207fcafbb6b5d740ab803f8f9e av-special-heading-h3 blockquote modern-quote  avia-builder-el-15  el_before_av_textblock  avia-builder-el-first '><h3 class='av-special-heading-tag '  itemprop=\"headline\"  >Investi\u010dn\u00ed produkty<\/h3><div class=\"special-heading-border\"><div class=\"special-heading-inner-border\"><\/div><\/div><\/div><br \/>\n<section  class='av_textblock_section av-lh6fhg58-a75b29e93673fb4f34d76cafadb6a5bb '   itemscope=\"itemscope\" itemtype=\"https:\/\/schema.org\/CreativeWork\" ><div class='avia_textblock etf-bullets'  itemprop=\"text\" ><ul>\n<li>Akcie \/ Burzovn\u011b obchodovan\u00e9 fondy (ETF)<\/li>\n<li>Aktivn\u011b \u0159\u00edzen\u00e9 strategie<\/li>\n<li>Dluhopisy<\/li>\n<li>Deriv\u00e1ty<\/li>\n<li>FX<\/li>\n<\/ul>\n<\/div><\/section><br \/>\n<\/p><\/div><div class='av-flex-placeholder'><\/div>\n<style type=\"text\/css\" data-created_by=\"avia_inline_auto\" id=\"style-css-av-lh6jjxb0-746ade617683c7f0f44d091e167ad0cc\">\n.flex_column.av-lh6jjxb0-746ade617683c7f0f44d091e167ad0cc{\nwidth:45%;\nmargin-left:0;\n}\n#top .flex_column_table.av-equal-height-column-flextable.av-lh6jjxb0-746ade617683c7f0f44d091e167ad0cc .av-flex-placeholder{\nwidth:10%;\n}\n<\/style>\n<div  class='flex_column av-lh6jjxb0-746ade617683c7f0f44d091e167ad0cc av_one_half  avia-builder-el-18  el_after_av_one_half  avia-builder-el-last  ucet-sluzby flex_column_table_cell av-equal-height-column av-align-top  '     ><p>\n<style type=\"text\/css\" data-created_by=\"avia_inline_auto\" id=\"style-css-av-lh6je31b-72ebb90615c2c57309c5e23f749cd8d8\">\n#top .av-special-heading.av-lh6je31b-72ebb90615c2c57309c5e23f749cd8d8{\npadding-bottom:10px;\n}\nbody .av-special-heading.av-lh6je31b-72ebb90615c2c57309c5e23f749cd8d8 .av-special-heading-tag .heading-char{\nfont-size:25px;\n}\n.av-special-heading.av-lh6je31b-72ebb90615c2c57309c5e23f749cd8d8 .av-subheading{\nfont-size:15px;\n}\n<\/style>\n<div  class='av-special-heading av-lh6je31b-72ebb90615c2c57309c5e23f749cd8d8 av-special-heading-h3 blockquote modern-quote  avia-builder-el-19  el_before_av_textblock  avia-builder-el-first '><h3 class='av-special-heading-tag '  itemprop=\"headline\"  >Slu\u017eby<\/h3><div class=\"special-heading-border\"><div class=\"special-heading-inner-border\"><\/div><\/div><\/div><br \/>\n<section  class='av_textblock_section av-lh6jel5w-e8bb83b74577539bc552e0182cf388ff '   itemscope=\"itemscope\" itemtype=\"https:\/\/schema.org\/CreativeWork\" ><div class='avia_textblock'  itemprop=\"text\" ><ul>\n<li>Investi\u010dn\u00ed poradenstv\u00ed<\/li>\n<li>Individu\u00e1ln\u00ed spr\u00e1va portfolia<\/li>\n<li>Investi\u010dn\u00ed tipy<\/li>\n<\/ul>\n<\/div><\/section><\/p><\/div><\/div><!--close column table wrapper. Autoclose: 1 --><\/p>\n","protected":false},"excerpt":{"rendered":"","protected":false},"author":2,"featured_media":0,"parent":2625,"menu_order":5,"comment_status":"closed","ping_status":"closed","template":"","meta":{"inline_featured_image":false,"footnotes":""},"class_list":["post-2634","page","type-page","status-publish","hentry"],"acf":[],"yoast_head":"<!-- This site is optimized with the Yoast SEO plugin v20.6 - https:\/\/yoast.com\/wordpress\/plugins\/seo\/ -->\n<title>Investi\u010dn\u00ed \u00fa\u010det | QuantOn Solutions<\/title>\n<meta name=\"robots\" content=\"index, follow, max-snippet:-1, max-image-preview:large, max-video-preview:-1\" \/>\n<link rel=\"canonical\" href=\"https:\/\/www.quantonsolutions.com\/cs\/reseni\/investicni-ucet\/\" \/>\n<meta property=\"og:locale\" content=\"cs_CZ\" \/>\n<meta property=\"og:type\" content=\"article\" \/>\n<meta property=\"og:title\" content=\"Investi\u010dn\u00ed \u00fa\u010det | QuantOn Solutions\" \/>\n<meta property=\"og:url\" content=\"https:\/\/www.quantonsolutions.com\/cs\/reseni\/investicni-ucet\/\" \/>\n<meta property=\"og:site_name\" content=\"Quanton\" \/>\n<meta property=\"article:modified_time\" content=\"2024-03-01T12:24:56+00:00\" \/>\n<meta name=\"twitter:card\" content=\"summary_large_image\" \/>\n<meta name=\"twitter:label1\" content=\"Odhadovan\u00e1 doba \u010dten\u00ed\" \/>\n\t<meta name=\"twitter:data1\" content=\"7 minut\" \/>\n<script type=\"application\/ld+json\" class=\"yoast-schema-graph\">{\"@context\":\"https:\/\/schema.org\",\"@graph\":[{\"@type\":\"WebPage\",\"@id\":\"https:\/\/www.quantonsolutions.com\/cs\/reseni\/investicni-ucet\/\",\"url\":\"https:\/\/www.quantonsolutions.com\/cs\/reseni\/investicni-ucet\/\",\"name\":\"Investi\u010dn\u00ed \u00fa\u010det | QuantOn Solutions\",\"isPartOf\":{\"@id\":\"https:\/\/www.quantonsolutions.com\/cs\/#website\"},\"datePublished\":\"2024-02-17T16:51:29+00:00\",\"dateModified\":\"2024-03-01T12:24:56+00:00\",\"breadcrumb\":{\"@id\":\"https:\/\/www.quantonsolutions.com\/cs\/reseni\/investicni-ucet\/#breadcrumb\"},\"inLanguage\":\"cs\",\"potentialAction\":[{\"@type\":\"ReadAction\",\"target\":[\"https:\/\/www.quantonsolutions.com\/cs\/reseni\/investicni-ucet\/\"]}]},{\"@type\":\"BreadcrumbList\",\"@id\":\"https:\/\/www.quantonsolutions.com\/cs\/reseni\/investicni-ucet\/#breadcrumb\",\"itemListElement\":[{\"@type\":\"ListItem\",\"position\":1,\"name\":\"Home\",\"item\":\"https:\/\/www.quantonsolutions.com\/cs\/quanton\/\"},{\"@type\":\"ListItem\",\"position\":2,\"name\":\"\u0158e\u0161en\u00ed\",\"item\":\"https:\/\/www.quantonsolutions.com\/cs\/reseni\/\"},{\"@type\":\"ListItem\",\"position\":3,\"name\":\"Investi\u010dn\u00ed \u00fa\u010det\"}]},{\"@type\":\"WebSite\",\"@id\":\"https:\/\/www.quantonsolutions.com\/cs\/#website\",\"url\":\"https:\/\/www.quantonsolutions.com\/cs\/\",\"name\":\"Quanton\",\"description\":\"\",\"potentialAction\":[{\"@type\":\"SearchAction\",\"target\":{\"@type\":\"EntryPoint\",\"urlTemplate\":\"https:\/\/www.quantonsolutions.com\/cs\/?s={search_term_string}\"},\"query-input\":\"required name=search_term_string\"}],\"inLanguage\":\"cs\"}]}<\/script>\n<!-- \/ Yoast SEO plugin. -->","yoast_head_json":{"title":"Investi\u010dn\u00ed \u00fa\u010det | QuantOn Solutions","robots":{"index":"index","follow":"follow","max-snippet":"max-snippet:-1","max-image-preview":"max-image-preview:large","max-video-preview":"max-video-preview:-1"},"canonical":"https:\/\/www.quantonsolutions.com\/cs\/reseni\/investicni-ucet\/","og_locale":"cs_CZ","og_type":"article","og_title":"Investi\u010dn\u00ed \u00fa\u010det | QuantOn Solutions","og_url":"https:\/\/www.quantonsolutions.com\/cs\/reseni\/investicni-ucet\/","og_site_name":"Quanton","article_modified_time":"2024-03-01T12:24:56+00:00","twitter_card":"summary_large_image","twitter_misc":{"Odhadovan\u00e1 doba \u010dten\u00ed":"7 minut"},"schema":{"@context":"https:\/\/schema.org","@graph":[{"@type":"WebPage","@id":"https:\/\/www.quantonsolutions.com\/cs\/reseni\/investicni-ucet\/","url":"https:\/\/www.quantonsolutions.com\/cs\/reseni\/investicni-ucet\/","name":"Investi\u010dn\u00ed \u00fa\u010det | QuantOn Solutions","isPartOf":{"@id":"https:\/\/www.quantonsolutions.com\/cs\/#website"},"datePublished":"2024-02-17T16:51:29+00:00","dateModified":"2024-03-01T12:24:56+00:00","breadcrumb":{"@id":"https:\/\/www.quantonsolutions.com\/cs\/reseni\/investicni-ucet\/#breadcrumb"},"inLanguage":"cs","potentialAction":[{"@type":"ReadAction","target":["https:\/\/www.quantonsolutions.com\/cs\/reseni\/investicni-ucet\/"]}]},{"@type":"BreadcrumbList","@id":"https:\/\/www.quantonsolutions.com\/cs\/reseni\/investicni-ucet\/#breadcrumb","itemListElement":[{"@type":"ListItem","position":1,"name":"Home","item":"https:\/\/www.quantonsolutions.com\/cs\/quanton\/"},{"@type":"ListItem","position":2,"name":"\u0158e\u0161en\u00ed","item":"https:\/\/www.quantonsolutions.com\/cs\/reseni\/"},{"@type":"ListItem","position":3,"name":"Investi\u010dn\u00ed \u00fa\u010det"}]},{"@type":"WebSite","@id":"https:\/\/www.quantonsolutions.com\/cs\/#website","url":"https:\/\/www.quantonsolutions.com\/cs\/","name":"Quanton","description":"","potentialAction":[{"@type":"SearchAction","target":{"@type":"EntryPoint","urlTemplate":"https:\/\/www.quantonsolutions.com\/cs\/?s={search_term_string}"},"query-input":"required name=search_term_string"}],"inLanguage":"cs"}]}},"_links":{"self":[{"href":"https:\/\/www.quantonsolutions.com\/cs\/wp-json\/wp\/v2\/pages\/2634"}],"collection":[{"href":"https:\/\/www.quantonsolutions.com\/cs\/wp-json\/wp\/v2\/pages"}],"about":[{"href":"https:\/\/www.quantonsolutions.com\/cs\/wp-json\/wp\/v2\/types\/page"}],"author":[{"embeddable":true,"href":"https:\/\/www.quantonsolutions.com\/cs\/wp-json\/wp\/v2\/users\/2"}],"replies":[{"embeddable":true,"href":"https:\/\/www.quantonsolutions.com\/cs\/wp-json\/wp\/v2\/comments?post=2634"}],"version-history":[{"count":17,"href":"https:\/\/www.quantonsolutions.com\/cs\/wp-json\/wp\/v2\/pages\/2634\/revisions"}],"predecessor-version":[{"id":2894,"href":"https:\/\/www.quantonsolutions.com\/cs\/wp-json\/wp\/v2\/pages\/2634\/revisions\/2894"}],"up":[{"embeddable":true,"href":"https:\/\/www.quantonsolutions.com\/cs\/wp-json\/wp\/v2\/pages\/2625"}],"wp:attachment":[{"href":"https:\/\/www.quantonsolutions.com\/cs\/wp-json\/wp\/v2\/media?parent=2634"}],"curies":[{"name":"wp","href":"https:\/\/api.w.org\/{rel}","templated":true}]}}